{"id":97,"date":"2023-04-26T11:06:49","date_gmt":"2023-04-26T09:06:49","guid":{"rendered":"https:\/\/neu.werkhaus.cc\/?page_id=97"},"modified":"2024-02-26T15:01:14","modified_gmt":"2024-02-26T14:01:14","slug":"werkhaus-kitchens","status":"publish","type":"page","link":"https:\/\/www.werkhaus.cc\/en\/werkhaus-kitchens\/","title":{"rendered":"werkhaus kitchens"},"content":{"rendered":"\n<h1 class=\"wp-block-heading alignwide has-text-align-center\">werkhaus kitchens are created from visions and ideas<\/h1>\n\n\n\n<div class=\"wp-block-media-text alignwide is-stacked-on-mobile\" style=\"grid-template-columns:45% auto\"><figure class=\"wp-block-media-text__media\"><a href=\"\/natursteinkuechen\/\"><img loading=\"lazy\" decoding=\"async\" width=\"1200\" height=\"750\" src=\"https:\/\/www.werkhaus.cc\/wp-content\/uploads\/natursteinkueche-werkhaus-23-may-3-1200x750.jpg\" alt=\"\" class=\"wp-image-3586 size-full\" srcset=\"https:\/\/www.werkhaus.cc\/wp-content\/uploads\/natursteinkueche-werkhaus-23-may-3-1200x750.jpg 1200w, https:\/\/www.werkhaus.cc\/wp-content\/uploads\/natursteinkueche-werkhaus-23-may-3-800x500.jpg 800w, https:\/\/www.werkhaus.cc\/wp-content\/uploads\/natursteinkueche-werkhaus-23-may-3-768x480.jpg 768w, https:\/\/www.werkhaus.cc\/wp-content\/uploads\/natursteinkueche-werkhaus-23-may-3-1536x960.jpg 1536w, https:\/\/www.werkhaus.cc\/wp-content\/uploads\/natursteinkueche-werkhaus-23-may-3-600x375.jpg 600w, https:\/\/www.werkhaus.cc\/wp-content\/uploads\/natursteinkueche-werkhaus-23-may-3.jpg 1920w\" sizes=\"auto, (max-width: 1200px) 100vw, 1200px\" \/><\/a><\/figure><div class=\"wp-block-media-text__content\">\n<h2 class=\"wp-block-heading has-bronze-color has-text-color has-link-color wp-elements-744d09ca67d91ccc3862f715665a13bc\"><a href=\"https:\/\/www.werkhaus.cc\/en\/natural-stone-kitchens\/\">Natural stone kitchens<\/a><\/h2>\n\n\n\n<p>Stone is probably the oldest raw material on earth &#8211; especially in its natural and solid form, it becomes a real gem in a distinctive werkhaus kitchen. Whether used for worktops, side panels, walls and backsplashes, niches or as a design element, stone can be used with craftsmanlike finesse to create unique works of art that enhance your werkhaus kitchen.<\/p>\n\n\n\n<p><a href=\"https:\/\/www.werkhaus.cc\/en\/natural-stone-kitchens\/\">Find out more about our natural stone kitchens -&gt;<\/a><\/p>\n<\/div><\/div>\n\n\n\n<div class=\"wp-block-media-text alignwide has-media-on-the-right is-stacked-on-mobile\" style=\"grid-template-columns:auto 45%\"><div class=\"wp-block-media-text__content\">\n<h2 class=\"wp-block-heading has-text-align-right\"><a href=\"https:\/\/www.werkhaus.cc\/en\/wood-kitchens\/\" data-type=\"link\" data-id=\"https:\/\/www.werkhaus.cc\/kuechen-aus-holz\/\">Kitchens with wood<\/a><\/h2>\n\n\n\n<p class=\"has-text-align-right\">The versatility of wood makes it a popular choice for home and interior design. Wood warms the atmosphere and gives a feeling of security. It can be used in both &#8220;elegant &amp; noble&#8221; and &#8220;natural &amp; alpine&#8221; ways. We are particularly inspired by locally sourced wood: on the one hand, it shows a connection to the region, and on the other hand, for us, acting locally means thinking globally and is therefore a way towards a more sustainable economy.<\/p>\n\n\n\n<p class=\"has-text-align-right\"><a href=\"https:\/\/www.werkhaus.cc\/en\/wood-kitchens\/\">See innovative wooden kitchens -&gt;<\/a><\/p>\n<\/div><figure class=\"wp-block-media-text__media\"><a href=\"\/kuechen-aus-holz\/\"><img loading=\"lazy\" decoding=\"async\" width=\"1200\" height=\"750\" src=\"https:\/\/www.werkhaus.cc\/wp-content\/uploads\/holzkueche-werkhaus-22-wim01-1200x750.jpg\" alt=\"Holz K\u00fccheninsel mit Steinplatte\" class=\"wp-image-1848 size-full\" srcset=\"https:\/\/www.werkhaus.cc\/wp-content\/uploads\/holzkueche-werkhaus-22-wim01-1200x750.jpg 1200w, https:\/\/www.werkhaus.cc\/wp-content\/uploads\/holzkueche-werkhaus-22-wim01-800x500.jpg 800w, https:\/\/www.werkhaus.cc\/wp-content\/uploads\/holzkueche-werkhaus-22-wim01-768x480.jpg 768w, https:\/\/www.werkhaus.cc\/wp-content\/uploads\/holzkueche-werkhaus-22-wim01-1536x960.jpg 1536w, https:\/\/www.werkhaus.cc\/wp-content\/uploads\/holzkueche-werkhaus-22-wim01-600x375.jpg 600w, https:\/\/www.werkhaus.cc\/wp-content\/uploads\/holzkueche-werkhaus-22-wim01.jpg 1920w\" sizes=\"auto, (max-width: 1200px) 100vw, 1200px\" \/><\/a><\/figure><\/div>\n\n\n\n<div class=\"wp-block-media-text alignwide is-stacked-on-mobile\" style=\"grid-template-columns:45% auto\"><figure class=\"wp-block-media-text__media\"><a href=\"https:\/\/www.werkhaus.cc\/schwarze-kuechen\/\"><img loading=\"lazy\" decoding=\"async\" width=\"1200\" height=\"750\" src=\"https:\/\/www.werkhaus.cc\/wp-content\/uploads\/schwarze-kueche-werkhaus-20-mer-1200x750.jpg\" alt=\"Schwarze K\u00fcchen von werkhaus K\u00fcchen\" class=\"wp-image-3157 size-full\" srcset=\"https:\/\/www.werkhaus.cc\/wp-content\/uploads\/schwarze-kueche-werkhaus-20-mer-1200x750.jpg 1200w, https:\/\/www.werkhaus.cc\/wp-content\/uploads\/schwarze-kueche-werkhaus-20-mer-800x500.jpg 800w, https:\/\/www.werkhaus.cc\/wp-content\/uploads\/schwarze-kueche-werkhaus-20-mer-768x480.jpg 768w, https:\/\/www.werkhaus.cc\/wp-content\/uploads\/schwarze-kueche-werkhaus-20-mer-1536x960.jpg 1536w, https:\/\/www.werkhaus.cc\/wp-content\/uploads\/schwarze-kueche-werkhaus-20-mer-600x375.jpg 600w, https:\/\/www.werkhaus.cc\/wp-content\/uploads\/schwarze-kueche-werkhaus-20-mer.jpg 1920w\" sizes=\"auto, (max-width: 1200px) 100vw, 1200px\" \/><\/a><\/figure><div class=\"wp-block-media-text__content\">\n<h2 class=\"wp-block-heading has-text-align-left\"><a href=\"https:\/\/www.werkhaus.cc\/en\/black-kitchens\/\" data-type=\"link\" data-id=\"https:\/\/www.werkhaus.cc\/schwarze-kuechen\/\">Black kitchens<\/a><\/h2>\n\n\n\n<p class=\"has-text-align-left\">A black kitchen &#8211; a real statement of modern design. The black kitchen thrives on contrasts and unfolds its charm through carefully chosen highlights. Handles, taps or individual fronts in reclaimed wood, steel or aluminium add a special touch and style. Perfect lighting is also important, because a dark kitchen needs plenty of light. Accents in copper, brass or stainless steel add atmosphere and extravagance. Owners of dark kitchens show that they are breaking away from the mainstream and that they value quality design. Another practical advantage of dark kitchens is that they are more forgiving of clutter than light versions.<\/p>\n\n\n\n<p class=\"has-text-align-left\"><a href=\"https:\/\/www.werkhaus.cc\/en\/black-kitchens\/\">Visit our black kitchen selection -&gt;<\/a><\/p>\n<\/div><\/div>\n\n\n\n<div class=\"wp-block-media-text alignwide has-media-on-the-right is-stacked-on-mobile\" style=\"grid-template-columns:auto 45%\"><div class=\"wp-block-media-text__content\">\n<h2 class=\"wp-block-heading has-text-align-right\"><a href=\"https:\/\/www.werkhaus.cc\/en\/white-kitchens\/\" data-type=\"link\" data-id=\"https:\/\/www.werkhaus.cc\/weisse-kuechen\/\">White kitchens<\/a><\/h2>\n\n\n\n<p>White &#8211; the timeless classic that never goes out of style.<br>A white kitchen will probably never lose its popularity because it is always friendly, brightens up the room, gives a sense of space and can be combined with other materials such as wood, natural stone, metal and concrete.<br>With the right surface finish, a white kitchen is very easy to maintain and will tolerate a few spills in the kitchen.<\/p>\n\n\n\n<p class=\"has-text-align-right\"><a href=\"https:\/\/www.werkhaus.cc\/en\/white-kitchens\/\">Beautiful white kitchens -&gt;<\/a><\/p>\n<\/div><figure class=\"wp-block-media-text__media\"><a href=\"https:\/\/www.werkhaus.cc\/weisse-kuechen\/\"><img loading=\"lazy\" decoding=\"async\" width=\"1200\" height=\"750\" src=\"https:\/\/www.werkhaus.cc\/wp-content\/uploads\/weisse-kueche-werkhaus-20tim03-1200x750.jpg\" alt=\"Wei\u00dfe K\u00fcchen mit Natursteinplatte von werkhaus K\u00fcchen\" class=\"wp-image-2328 size-full\" srcset=\"https:\/\/www.werkhaus.cc\/wp-content\/uploads\/weisse-kueche-werkhaus-20tim03-1200x750.jpg 1200w, https:\/\/www.werkhaus.cc\/wp-content\/uploads\/weisse-kueche-werkhaus-20tim03-800x500.jpg 800w, https:\/\/www.werkhaus.cc\/wp-content\/uploads\/weisse-kueche-werkhaus-20tim03-768x480.jpg 768w, https:\/\/www.werkhaus.cc\/wp-content\/uploads\/weisse-kueche-werkhaus-20tim03-1536x960.jpg 1536w, https:\/\/www.werkhaus.cc\/wp-content\/uploads\/weisse-kueche-werkhaus-20tim03-600x375.jpg 600w, https:\/\/www.werkhaus.cc\/wp-content\/uploads\/weisse-kueche-werkhaus-20tim03.jpg 1920w\" sizes=\"auto, (max-width: 1200px) 100vw, 1200px\" \/><\/a><\/figure><\/div>\n\n\n\n<div class=\"wp-block-media-text alignwide is-stacked-on-mobile\" style=\"grid-template-columns:45% auto\"><figure class=\"wp-block-media-text__media\"><a href=\"https:\/\/www.werkhaus.cc\/metallkuechen\/\"><img loading=\"lazy\" decoding=\"async\" width=\"1200\" height=\"640\" src=\"https:\/\/www.werkhaus.cc\/wp-content\/uploads\/Metall-15x8-rie_202032137-1200x640.jpg\" alt=\"\" class=\"wp-image-3784 size-full\" srcset=\"https:\/\/www.werkhaus.cc\/wp-content\/uploads\/Metall-15x8-rie_202032137-1200x640.jpg 1200w, https:\/\/www.werkhaus.cc\/wp-content\/uploads\/Metall-15x8-rie_202032137-800x427.jpg 800w, https:\/\/www.werkhaus.cc\/wp-content\/uploads\/Metall-15x8-rie_202032137-768x410.jpg 768w, https:\/\/www.werkhaus.cc\/wp-content\/uploads\/Metall-15x8-rie_202032137-600x320.jpg 600w, https:\/\/www.werkhaus.cc\/wp-content\/uploads\/Metall-15x8-rie_202032137.jpg 1500w\" sizes=\"auto, (max-width: 1200px) 100vw, 1200px\" \/><\/a><\/figure><div class=\"wp-block-media-text__content\">\n<h2 class=\"wp-block-heading has-text-align-left\"><a href=\"https:\/\/www.werkhaus.cc\/en\/metal-kitchens\/\" data-type=\"link\" data-id=\"https:\/\/www.werkhaus.cc\/metallkuechen\/\">Metal kitchens<\/a><\/h2>\n\n\n\n<p class=\"has-text-align-left\">Black steel, stainless steel, brass, copper and a generous use of precious metals enhance any kitchen and create special effects. Do you want your kitchen to look bigger, more elegant and perhaps a little extravagant? Then we have a brilliant idea: go for metal fronts. Brass, copper or stainless steel not only give the kitchen an elegant look, they also create exciting lighting effects and reflections in the room. Whether highly polished, matt brushed, anodised or roughly forged, a metal kitchen can be beautifully combined with natural stone, glass and wood, and the result is not only solid and robust, but also something very special.<\/p>\n\n\n\n<p class=\"has-text-align-left\"><a href=\"https:\/\/www.werkhaus.cc\/en\/metal-kitchens\/\">Have a look at our metal kitchens -&gt;<\/a><\/p>\n<\/div><\/div>\n\n\n\n<div class=\"wp-block-media-text alignwide has-media-on-the-right is-stacked-on-mobile is-image-fill\" style=\"grid-template-columns:auto 45%\"><div class=\"wp-block-media-text__content\">\n<h2 class=\"wp-block-heading has-text-align-right\"><a href=\"https:\/\/www.werkhaus.cc\/en\/concrete-kitchens\/\" data-type=\"link\" data-id=\"https:\/\/www.werkhaus.cc\/betonkuechen\/\">Concrete kitchens<\/a><\/h2>\n\n\n\n<p class=\"has-text-align-right\">Concrete is all the rage, unusual materials are on the rise in the kitchen world. What are the benefits of concrete kitchens? The material is strong, scratch-resistant and offers a chic loft charm. Whether it is real concrete or just a concrete-look kitchen depends on the circumstances and the load-bearing capacity of the building. Concrete has a beautiful patina effect, the surface is sealed and therefore impervious. Combined with wood and metal, concrete becomes an eye-catcher, creating a cool, urban industrial design in the kitchen.<\/p>\n\n\n\n<p class=\"has-text-align-right\"><a href=\"https:\/\/www.werkhaus.cc\/en\/concrete-kitchens\/\" data-type=\"link\" data-id=\"https:\/\/www.werkhaus.cc\/betonkuechen\/\">Our selection of concrete kitchens -&gt;<\/a><\/p>\n<\/div><figure class=\"wp-block-media-text__media\" style=\"background-image:url(https:\/\/www.werkhaus.cc\/wp-content\/uploads\/betonkueche-werkhaus-21-wis-1-1200x750.jpg);background-position:50% 50%\"><a href=\"https:\/\/www.werkhaus.cc\/betonkuechen\/\"><img loading=\"lazy\" decoding=\"async\" width=\"1200\" height=\"750\" src=\"https:\/\/www.werkhaus.cc\/wp-content\/uploads\/betonkueche-werkhaus-21-wis-1-1200x750.jpg\" alt=\"Metallk\u00fcchen von werkhaus K\u00fcchen\" class=\"wp-image-2159 size-full\" srcset=\"https:\/\/www.werkhaus.cc\/wp-content\/uploads\/betonkueche-werkhaus-21-wis-1-1200x750.jpg 1200w, https:\/\/www.werkhaus.cc\/wp-content\/uploads\/betonkueche-werkhaus-21-wis-1-800x500.jpg 800w, https:\/\/www.werkhaus.cc\/wp-content\/uploads\/betonkueche-werkhaus-21-wis-1-768x480.jpg 768w, https:\/\/www.werkhaus.cc\/wp-content\/uploads\/betonkueche-werkhaus-21-wis-1-1536x960.jpg 1536w, https:\/\/www.werkhaus.cc\/wp-content\/uploads\/betonkueche-werkhaus-21-wis-1-600x375.jpg 600w, https:\/\/www.werkhaus.cc\/wp-content\/uploads\/betonkueche-werkhaus-21-wis-1.jpg 1920w\" sizes=\"auto, (max-width: 1200px) 100vw, 1200px\" \/><\/a><\/figure><\/div>\n\n\n\n<div class=\"wp-block-cover alignwide has-custom-content-position is-position-top-right\"><span aria-hidden=\"true\" class=\"wp-block-cover__background has-background-dim\"><\/span><img loading=\"lazy\" decoding=\"async\" width=\"1920\" height=\"1200\" class=\"wp-block-cover__image-background wp-image-5999\" alt=\"Ausstellungsk\u00fcche mit viel Holz und versenkbarer T\u00fcre in K\u00fcchenr\u00fcckwand\" src=\"https:\/\/www.werkhaus.cc\/wp-content\/uploads\/21_AusstOG-rosenheim-kueche-werkhaus-Matcha-Latte_20212243-Titelbild.jpg\" data-object-fit=\"cover\" srcset=\"https:\/\/www.werkhaus.cc\/wp-content\/uploads\/21_AusstOG-rosenheim-kueche-werkhaus-Matcha-Latte_20212243-Titelbild.jpg 1920w, https:\/\/www.werkhaus.cc\/wp-content\/uploads\/21_AusstOG-rosenheim-kueche-werkhaus-Matcha-Latte_20212243-Titelbild-800x500.jpg 800w, https:\/\/www.werkhaus.cc\/wp-content\/uploads\/21_AusstOG-rosenheim-kueche-werkhaus-Matcha-Latte_20212243-Titelbild-768x480.jpg 768w, https:\/\/www.werkhaus.cc\/wp-content\/uploads\/21_AusstOG-rosenheim-kueche-werkhaus-Matcha-Latte_20212243-Titelbild-1200x750.jpg 1200w, https:\/\/www.werkhaus.cc\/wp-content\/uploads\/21_AusstOG-rosenheim-kueche-werkhaus-Matcha-Latte_20212243-Titelbild-1536x960.jpg 1536w, https:\/\/www.werkhaus.cc\/wp-content\/uploads\/21_AusstOG-rosenheim-kueche-werkhaus-Matcha-Latte_20212243-Titelbild-600x375.jpg 600w\" sizes=\"auto, (max-width: 1920px) 100vw, 1920px\" \/><div class=\"wp-block-cover__inner-container is-layout-flow wp-block-cover-is-layout-flow\">\n<h2 class=\"wp-block-heading has-text-align-right has-bronze-color has-text-color has-link-color wp-elements-5d5c27567e0a7e606266f33c13d3c1d6\" style=\"text-transform:none\"><a href=\"https:\/\/www.werkhaus.cc\/en\/have-a-look-at-our-exhibition\/\" data-type=\"link\" data-id=\"https:\/\/www.werkhaus.cc\/betonkuechen\/\">Have a look at our exhibition<\/a><\/h2>\n\n\n\n<p class=\"has-text-align-right\">The werkhaus kitchen exhibition is perfectly embedded in the unique atmosphere of the werkhaus. Enjoy innovative kitchen architecture, outstanding design and traditional craftsmanship from the Inn Valley.<\/p>\n\n\n\n<p class=\"has-text-align-right has-bronze-color has-text-color has-link-color wp-elements-7d498af4c7088bcdad018975de1fc3bb\"><a href=\"https:\/\/www.werkhaus.cc\/en\/have-a-look-at-our-exhibition\/\">Welcome to our exhibition -&gt;<\/a><\/p>\n<\/div><\/div>\n","protected":false},"excerpt":{"rendered":"<p>werkhaus kitchens are created from visions and ideas Natural stone kitchens Stone is probably the oldest raw material on earth &#8211; especially in its natural and solid form, it becomes a real gem in a distinctive werkhaus kitchen. Whether used for worktops, side panels, walls and backsplashes, niches or as a design element, stone can [&hellip;]<\/p>\n","protected":false},"author":1,"featured_media":0,"parent":0,"menu_order":10,"comment_status":"closed","ping_status":"closed","template":"","meta":{"footnotes":""},"class_list":["post-97","page","type-page","status-publish","hentry"],"_links":{"self":[{"href":"https:\/\/www.werkhaus.cc\/en\/wp-json\/wp\/v2\/pages\/97","targetHints":{"allow":["GET"]}}],"collection":[{"href":"https:\/\/www.werkhaus.cc\/en\/wp-json\/wp\/v2\/pages"}],"about":[{"href":"https:\/\/www.werkhaus.cc\/en\/wp-json\/wp\/v2\/types\/page"}],"author":[{"embeddable":true,"href":"https:\/\/www.werkhaus.cc\/en\/wp-json\/wp\/v2\/users\/1"}],"replies":[{"embeddable":true,"href":"https:\/\/www.werkhaus.cc\/en\/wp-json\/wp\/v2\/comments?post=97"}],"version-history":[{"count":4,"href":"https:\/\/www.werkhaus.cc\/en\/wp-json\/wp\/v2\/pages\/97\/revisions"}],"predecessor-version":[{"id":8680,"href":"https:\/\/www.werkhaus.cc\/en\/wp-json\/wp\/v2\/pages\/97\/revisions\/8680"}],"wp:attachment":[{"href":"https:\/\/www.werkhaus.cc\/en\/wp-json\/wp\/v2\/media?parent=97"}],"curies":[{"name":"wp","href":"https:\/\/api.w.org\/{rel}","templated":true}]}}